{"id":196,"date":"2023-03-25T19:39:26","date_gmt":"2023-03-25T22:39:26","guid":{"rendered":"https:\/\/labtec.unsa.edu.ar\/?page_id=196"},"modified":"2024-09-28T12:03:03","modified_gmt":"2024-09-28T15:03:03","slug":"jornada-academica","status":"publish","type":"page","link":"https:\/\/labtec.unsa.edu.ar\/index.php\/jornada-academica\/","title":{"rendered":"Jornadas de Comunicaci\u00f3n, Dispositivos y Entornos Digitales"},"content":{"rendered":"\n<p><\/p>\n\n\n\n<p>7\u00b0 Edici\u00f3n &#8211; 2021 &#8211; EDUCACI\u00d3N EXPANDIDA: Desaf\u00edos, estrategias y transformaciones de la educaci\u00f3n tradicional en escenarios de virtualidad y ecosistema de pantallas. Facultad de Humanidades, Escuela de Ciencias de la Comunicaci\u00f3n. Aval Acad\u00e9mico &#8211; RES. H. N\u00b0 0860\/21.<\/p>\n\n\n\n<p>6\u00b0 Edici\u00f3n &#8211; 2017 &#8211; &#8220;NARRATIVAS TRANSMEDIA e IMAGINARIOS TECNOL\u00d3GICOS&#8221; &#8211; II Encuentro de c\u00e1tedras de Comunicaci\u00f3n Digital y Lenguajes Multimedia (REDCOM).<\/p>\n\n\n\n<p>5\u00b0 Edici\u00f3n &#8211; 2014 &#8211; \u201cARTEFACTOS E INTERFACES CULTURALES\u201d. Facultad de Humanidades, Escuela de Ciencias de la Comunicaci\u00f3n. Aval Acad\u00e9mico &#8211; RES. H. N\u00b0 1421-14 EXPTE. N\u00b0 4889\/14<\/p>\n\n\n\n<p>4\u00b0 Edici\u00f3n &#8211; 2013 &#8211; &#8220;PANTALLAS, AUDIENCIAS Y MEDIOS NATIVOS&#8221;. Universidad Nacional de Salta, Secretar\u00eda de Extensi\u00f3n Universitaria, Res. R-N\u00b0 0733-13 Declaradas de Inter\u00e9s Acad\u00e9mico. Facultad de Humanidades, Escuela de Ciencias de la Comunicaci\u00f3n, Aval Acad\u00e9mico RS. H N\u00b0 1377-13.<\/p>\n\n\n\n<p>3\u00b0 Edici\u00f3n &#8211; 2012 &#8211; &#8220;MEDIOS DEL FUTURO&#8221; &#8211; Facultad de Humanidades, Escuela de Ciencias de la Comunicaci\u00f3n.<\/p>\n\n\n\n<p>2\u00b0 Edici\u00f3n &#8211; 2011 &#8211; &#8220;REDEFINICIONES: PERIODISMO EN (LA) RED&#8221; &#8211; Facultad de Humanidades, Escuela de Ciencias de la Comunicaci\u00f3n. Res. H N\u00b01227-11.-<\/p>\n\n\n\n<p>1\u00b0 Edici\u00f3n &#8211; 2010<\/p>\n\n\n\n<div class=\"alignfull\"><!-- MetaSlider 375 not found --><\/div>\n","protected":false},"excerpt":{"rendered":"<p>7\u00b0 Edici\u00f3n &#8211; 2021 &#8211; EDUCACI\u00d3N EXPANDIDA: Desaf\u00edos, estrategias y transformaciones de la educaci\u00f3n tradicional en escenarios de virtualidad y ecosistema de pantallas. Facultad de Humanidades, Escuela de Ciencias de la Comunicaci\u00f3n. Aval Acad\u00e9mico &#8211; RES. H. N\u00b0 0860\/21. 6\u00b0 Edici\u00f3n &#8211; 2017 &#8211; &#8220;NARRATIVAS TRANSMEDIA e IMAGINARIOS TECNOL\u00d3GICOS&#8221; &#8211; II Encuentro de c\u00e1tedras de [&hellip;]<\/p>\n","protected":false},"author":1,"featured_media":0,"parent":0,"menu_order":0,"comment_status":"closed","ping_status":"closed","template":"","meta":{"footnotes":""},"class_list":["post-196","page","type-page","status-publish","hentry"],"_links":{"self":[{"href":"https:\/\/labtec.unsa.edu.ar\/index.php\/wp-json\/wp\/v2\/pages\/196","targetHints":{"allow":["GET"]}}],"collection":[{"href":"https:\/\/labtec.unsa.edu.ar\/index.php\/wp-json\/wp\/v2\/pages"}],"about":[{"href":"https:\/\/labtec.unsa.edu.ar\/index.php\/wp-json\/wp\/v2\/types\/page"}],"author":[{"embeddable":true,"href":"https:\/\/labtec.unsa.edu.ar\/index.php\/wp-json\/wp\/v2\/users\/1"}],"replies":[{"embeddable":true,"href":"https:\/\/labtec.unsa.edu.ar\/index.php\/wp-json\/wp\/v2\/comments?post=196"}],"version-history":[{"count":6,"href":"https:\/\/labtec.unsa.edu.ar\/index.php\/wp-json\/wp\/v2\/pages\/196\/revisions"}],"predecessor-version":[{"id":386,"href":"https:\/\/labtec.unsa.edu.ar\/index.php\/wp-json\/wp\/v2\/pages\/196\/revisions\/386"}],"wp:attachment":[{"href":"https:\/\/labtec.unsa.edu.ar\/index.php\/wp-json\/wp\/v2\/media?parent=196"}],"curies":[{"name":"wp","href":"https:\/\/api.w.org\/{rel}","templated":true}]}}