{"id":312,"date":"2023-04-03T09:37:44","date_gmt":"2023-04-03T12:37:44","guid":{"rendered":"https:\/\/labtec.unsa.edu.ar\/?page_id=312"},"modified":"2023-04-03T09:37:44","modified_gmt":"2023-04-03T12:37:44","slug":"catedras","status":"publish","type":"page","link":"https:\/\/labtec.unsa.edu.ar\/index.php\/catedras\/","title":{"rendered":"C\u00e1tedras"},"content":{"rendered":"\n<p>Teor\u00eda y Pr\u00e1ctica de los usos tecnol\u00f3gicos de la comunicaci\u00f3n<br>Profesor Adjunto Regular: Lic. Leonardo Gabriel Sosa<br>JTP: Mg. Hugo Eduardo Morales<\/p>\n\n\n\n<p>Interfaz Arte\/Tecnolog\u00eda<br>Profesor Adjunto Regular: Lic. Leonardo Gabriel Sosa<br>JTP: Mg. Hugo Eduardo Morales<br>Auxiliar 1era: Lic. Esp. Mar\u00eda Silvia Morales<\/p>\n","protected":false},"excerpt":{"rendered":"<p>Teor\u00eda y Pr\u00e1ctica de los usos tecnol\u00f3gicos de la comunicaci\u00f3nProfesor Adjunto Regular: Lic. Leonardo Gabriel SosaJTP: Mg. Hugo Eduardo Morales Interfaz Arte\/Tecnolog\u00edaProfesor Adjunto Regular: Lic. Leonardo Gabriel SosaJTP: Mg. Hugo Eduardo MoralesAuxiliar 1era: Lic. Esp. Mar\u00eda Silvia Morales<\/p>\n","protected":false},"author":1,"featured_media":0,"parent":0,"menu_order":0,"comment_status":"closed","ping_status":"closed","template":"","meta":{"footnotes":""},"class_list":["post-312","page","type-page","status-publish","hentry"],"_links":{"self":[{"href":"https:\/\/labtec.unsa.edu.ar\/index.php\/wp-json\/wp\/v2\/pages\/312","targetHints":{"allow":["GET"]}}],"collection":[{"href":"https:\/\/labtec.unsa.edu.ar\/index.php\/wp-json\/wp\/v2\/pages"}],"about":[{"href":"https:\/\/labtec.unsa.edu.ar\/index.php\/wp-json\/wp\/v2\/types\/page"}],"author":[{"embeddable":true,"href":"https:\/\/labtec.unsa.edu.ar\/index.php\/wp-json\/wp\/v2\/users\/1"}],"replies":[{"embeddable":true,"href":"https:\/\/labtec.unsa.edu.ar\/index.php\/wp-json\/wp\/v2\/comments?post=312"}],"version-history":[{"count":1,"href":"https:\/\/labtec.unsa.edu.ar\/index.php\/wp-json\/wp\/v2\/pages\/312\/revisions"}],"predecessor-version":[{"id":313,"href":"https:\/\/labtec.unsa.edu.ar\/index.php\/wp-json\/wp\/v2\/pages\/312\/revisions\/313"}],"wp:attachment":[{"href":"https:\/\/labtec.unsa.edu.ar\/index.php\/wp-json\/wp\/v2\/media?parent=312"}],"curies":[{"name":"wp","href":"https:\/\/api.w.org\/{rel}","templated":true}]}}